{"id":14471,"date":"2017-05-10T11:38:38","date_gmt":"2017-05-10T11:38:38","guid":{"rendered":"http:\/\/www.cesstm.com\/?page_id=14471"},"modified":"2017-05-17T11:29:59","modified_gmt":"2017-05-17T11:29:59","slug":"aviso-legal-y-politica-de-privacidad","status":"publish","type":"page","link":"https:\/\/www.cesstm.com\/es\/aviso-legal-y-politica-de-privacidad\/","title":{"rendered":"Aviso legal y Pol\u00edtica de privacidad"},"content":{"rendered":"<p>[vc_row use_row_as_full_screen_section=&#8221;no&#8221; center_bck_image=&#8221;no&#8221;][vc_column][vc_column_text]<\/p>\n<h3>AVISO LEGAL<\/h3>\n<p>www.cesstm.com es un dominio en Internet de titularidad de C\u00e9sar A. Cid Rivero, con domicilio social en Paseo Montereal 64 28791 Madrid, Espa\u00f1a, y tel\u00e9fono de contacto 608 131 247.<br \/>\nLos contenidos, organizaci\u00f3n y elecci\u00f3n de enlaces interesantes, han sido seleccionados y coordinados con el \u00fanico fin de facilitar la informaci\u00f3n relacionada al visitante de la web.<br \/>\nHa sido elaborada por elnidografico.com.<br \/>\nLa informaci\u00f3n, el dise\u00f1o y estructura de navegaci\u00f3n de esta web han sido realizadas por elnidografico.com.<br \/>\nEl acceso al sitio web de cesstm, as\u00ed como el uso que pueda hacerse de la informaci\u00f3n que contiene, son de la exclusiva responsabilidad del usuario.<br \/>\nCesstm no se responsabilizar\u00e1 de ninguna consecuencia, da\u00f1o o perjuicio que pudieran derivarse del uso de este sitio web, o de sus contenidos, incluidos da\u00f1os inform\u00e1ticos y la introducci\u00f3n de virus, con excepci\u00f3n de todas aquellas actuaciones que resulten de la aplicaci\u00f3n de las disposiciones legales a las que deba someterse el estricto ejercicio de sus competencias.<br \/>\nEl buz\u00f3n de contacto de la web tiene car\u00e1cter meramente informativo, sin que, en ning\u00fan caso, pueda derivarse de la contestaci\u00f3n efecto jur\u00eddico vinculante alguno.<br \/>\nEl nido gr\u00e1fico desarrollar\u00e1 los esfuerzos precisos para evitar errores y, en su caso, repararlos o actualizarlos lo antes posible, no pudiendo garantizar su inexistencia, ni que el contenido de la informaci\u00f3n se encuentre permanentemente actualizado. Si encuentra alg\u00fan error, por favor notif\u00edquenoslo a cess@cesstm.com.<br \/>\nLa informaci\u00f3n que se difunde por este medio se hace \u00fanicamente a t\u00edtulo informativo, reserv\u00e1ndose cesstm\u00a0el derecho de eliminar o suspender su difusi\u00f3n, total o parcialmente, y de modificar la estructura y contenido de este sitio web sin aviso previo, pudiendo incluso limitar o no permitir el acceso a todo o parte de dicha informaci\u00f3n. El prop\u00f3sito de cesstm es mantener la calidad y actualizaci\u00f3n de esta informaci\u00f3n, evitando y minimizando posibles errores causados por fallos t\u00e9cnicos. Sin embargo, no garantiza que este servicio no sea interrumpido o afectado por esos fallos.<br \/>\nCesstm\u00a0no se hace responsable de las opiniones de terceros que hayan sido publicadas en medios de comunicaci\u00f3n, y que puedan ser difundidas a trav\u00e9s de su web.<br \/>\nSe proh\u00edbe la reproducci\u00f3n total o parcial de los contenidos de esta WEB sin citar su origen y solicitar autorizaci\u00f3n expresa de la empresa.<\/p>\n<h3>POL\u00cdTICA DE PRIVACIDAD<\/h3>\n<p>A trav\u00e9s de la p\u00e1gina web de cesstm.com no se recoge ning\u00fan dato personal sin su conocimiento, ni se ceden a terceros.<br \/>\nLos datos personales que se soliciten a los usuarios ser\u00e1n los estrictamente imprescindibles para poder proporcionarle los servicios de este sitio web.<br \/>\nEl buz\u00f3n de consulta de la web tiene car\u00e1cter meramente informativo, sin que, en ning\u00fan caso, pueda derivarse de la contestaci\u00f3n efecto jur\u00eddico vinculante alguno.<br \/>\nEl acceso o utilizaci\u00f3n de este sitio web por parte del usuario implica su consentimiento y, por tanto, la adhesi\u00f3n a las condiciones expuestas anteriormente.<br \/>\nSe informa que se pueden ejercitar los derechos de acceso, oposici\u00f3n, rectificaci\u00f3n y cancelaci\u00f3n ante cesstm\u00a0con domicilio social en Paseo Montereal 64 28791 Madrid, Espa\u00f1a, y tel\u00e9fono de contacto 608 131 247. Es necesario aportar fotocopia del D.N.I. o documento equivalente que acredite la identidad y sea considerado v\u00e1lido en derecho, para que el responsable del fichero pueda realizar la comprobaci\u00f3n oportuna. Tambi\u00e9n podr\u00e1 ejercerse a trav\u00e9s de representaci\u00f3n legal, en cuyo caso, adem\u00e1s del DNI del interesado, habr\u00e1 de aportarse DNI y documento acreditativo aut\u00e9ntico de la representaci\u00f3n del tercero.<br \/>\nEsta pol\u00edtica de privacidad s\u00f3lo es de aplicaci\u00f3n a la p\u00e1gina web de el nido gr\u00e1fico, y no se garantiza en los accesos a trav\u00e9s de enlaces con este sitio, ni a los enlaces desde este sitio con otras webs. Enlaces a p\u00e1ginas externas sobre las que no se tienen control alguno y respecto de las cuales se declina toda responsabilidad.<br \/>\nEl nido gr\u00e1fico podr\u00e1 utilizar cookies durante la prestaci\u00f3n del servicio del sitio web. Las cookies son procedimientos autom\u00e1ticos de recogida de informaci\u00f3n personal relativa a las preferencias determinadas por un usuario durante su visita a una determinada p\u00e1gina web. Esta informaci\u00f3n se registra en unos archivos que son alojados en el propio terminal del usuario y asociados inequ\u00edvocamente a este terminal. Cada vez que el usuario vuelve a acceder al sitio web en cuesti\u00f3n, estos archivos se activan autom\u00e1ticamente de manera que se configura el sitio web con las preferencias se\u00f1aladas en anteriores visitas. Las cookies no pueden leer otras cookies creadas por otros proveedores.<br \/>\nEl usuario tiene la posibilidad de configurar su programa navegador de manera que se impida la creaci\u00f3n de cookies, o se advierta del momento en que esto ocurre. El sitio web es accesible sin necesidad de que est\u00e9n activadas las opciones referentes a las cookies, si bien pueden impedir el correcto funcionamiento de mecanismos de seguridad para servicios exclusivos o determinados servicios que requieren de una mayor seguridad. La finalidad \u00faltima de las cookies del sitio web es la de facilitar la navegaci\u00f3n del Usuario.[\/vc_column_text][vc_empty_space]<a href=\"http:\/\/www.cesstm.com\/es\/\" target=\"_self\" style=\"font-weight: 100\" class=\"eltd-btn eltd-btn-medium eltd-btn-outline eltd-btn-hover-animation\"  >\n    <span class=\"eltd-btn-text\">VOLVER A HOME<\/span>\n\n        \t<span class=\"eltd-btn-section eltd-btn-upper-section\"><\/span>\n    \t<span class=\"eltd-btn-section eltd-btn-lower-section\"><\/span>\n    \n    <\/a>[\/vc_column][\/vc_row]<\/p>","protected":false},"excerpt":{"rendered":"<p>[vc_row use_row_as_full_screen_section=&#8221;no&#8221; center_bck_image=&#8221;no&#8221;][vc_column][vc_column_text] AVISO LEGAL www.cesstm.com es un dominio en Internet de titularidad de C\u00e9sar A. Cid Rivero, con domicilio social en Paseo Montereal 64 28791 Madrid, Espa\u00f1a, y tel\u00e9fono de contacto 608 131 247. Los contenidos, organizaci\u00f3n y elecci\u00f3n de enlaces interesantes, han sido&#8230;<\/p>\n","protected":false},"author":1,"featured_media":0,"parent":0,"menu_order":0,"comment_status":"closed","ping_status":"closed","template":"","meta":{"_exactmetrics_skip_tracking":false,"_exactmetrics_sitenote_active":false,"_exactmetrics_sitenote_note":"","_exactmetrics_sitenote_category":0,"_monsterinsights_skip_tracking":false,"_monsterinsights_sitenote_active":false,"_monsterinsights_sitenote_note":"","_monsterinsights_sitenote_category":0},"_links":{"self":[{"href":"https:\/\/www.cesstm.com\/es\/wp-json\/wp\/v2\/pages\/14471"}],"collection":[{"href":"https:\/\/www.cesstm.com\/es\/wp-json\/wp\/v2\/pages"}],"about":[{"href":"https:\/\/www.cesstm.com\/es\/wp-json\/wp\/v2\/types\/page"}],"author":[{"embeddable":true,"href":"https:\/\/www.cesstm.com\/es\/wp-json\/wp\/v2\/users\/1"}],"replies":[{"embeddable":true,"href":"https:\/\/www.cesstm.com\/es\/wp-json\/wp\/v2\/comments?post=14471"}],"version-history":[{"count":3,"href":"https:\/\/www.cesstm.com\/es\/wp-json\/wp\/v2\/pages\/14471\/revisions"}],"predecessor-version":[{"id":14485,"href":"https:\/\/www.cesstm.com\/es\/wp-json\/wp\/v2\/pages\/14471\/revisions\/14485"}],"wp:attachment":[{"href":"https:\/\/www.cesstm.com\/es\/wp-json\/wp\/v2\/media?parent=14471"}],"curies":[{"name":"wp","href":"https:\/\/api.w.org\/{rel}","templated":true}]}}